{"id":1622,"date":"2016-06-04T20:02:22","date_gmt":"2016-06-04T18:02:22","guid":{"rendered":"http:\/\/www.dream-of-a-golden-charm.de\/?page_id=1622"},"modified":"2016-06-04T21:01:27","modified_gmt":"2016-06-04T19:01:27","slug":"3-woche-b-wurf","status":"publish","type":"page","link":"http:\/\/www.dream-of-a-golden-charm.de\/?page_id=1622","title":{"rendered":"3. Woche B-Wurf"},"content":{"rendered":"<p>Alle Welpen haben die Augen ge\u00f6ffnet!<br \/>\nLangsam kommt Bewegung in unsere Welpenlounge, denn alle Welpen haben in den letzten zwei Tagen ihre Augen ge\u00f6ffnet. Auf wackeligen Pfoten entdecken sie ihre Umgebung. Sobald man sich ihnen n\u00e4hert, gehen langsam und interessiert die kleinen K\u00f6pfe nach oben und sie schauen, wer sich so n\u00e4hert.<br \/>\nBeim Herausheben der kleinen M\u00e4use, schnuppern sie aufgeregt und m\u00f6chten gerne Kontakt aufnehmen.<br \/>\nDiese Woche stand die erste Wurmkur f\u00fcr alle Goldi\u00b4s an und diese wurde gut vertragen.<br \/>\nCharming k\u00fcmmert sich liebevoll mit Unterst\u00fctzung von Arabella um die Rasselbande. <\/p>\nngg_shortcode_0_placeholder\n","protected":false},"excerpt":{"rendered":"<p>Alle Welpen haben die Augen ge\u00f6ffnet! Langsam kommt Bewegung in unsere Welpenlounge, denn alle Welpen haben in den letzten zwei Tagen ihre Augen ge\u00f6ffnet. Auf wackeligen Pfoten entdecken sie ihre Umgebung. Sobald man sich ihnen n\u00e4hert, gehen langsam und interessiert [&hellip;]<\/p>\n","protected":false},"author":2,"featured_media":0,"parent":0,"menu_order":0,"comment_status":"closed","ping_status":"closed","template":"page-templates\/frontpage-left-column.php","meta":{"ngg_post_thumbnail":0},"_links":{"self":[{"href":"http:\/\/www.dream-of-a-golden-charm.de\/index.php?rest_route=\/wp\/v2\/pages\/1622"}],"collection":[{"href":"http:\/\/www.dream-of-a-golden-charm.de\/index.php?rest_route=\/wp\/v2\/pages"}],"about":[{"href":"http:\/\/www.dream-of-a-golden-charm.de\/index.php?rest_route=\/wp\/v2\/types\/page"}],"author":[{"embeddable":true,"href":"http:\/\/www.dream-of-a-golden-charm.de\/index.php?rest_route=\/wp\/v2\/users\/2"}],"replies":[{"embeddable":true,"href":"http:\/\/www.dream-of-a-golden-charm.de\/index.php?rest_route=%2Fwp%2Fv2%2Fcomments&post=1622"}],"version-history":[{"count":4,"href":"http:\/\/www.dream-of-a-golden-charm.de\/index.php?rest_route=\/wp\/v2\/pages\/1622\/revisions"}],"predecessor-version":[{"id":1667,"href":"http:\/\/www.dream-of-a-golden-charm.de\/index.php?rest_route=\/wp\/v2\/pages\/1622\/revisions\/1667"}],"wp:attachment":[{"href":"http:\/\/www.dream-of-a-golden-charm.de\/index.php?rest_route=%2Fwp%2Fv2%2Fmedia&parent=1622"}],"curies":[{"name":"wp","href":"https:\/\/api.w.org\/{rel}","templated":true}]}}