{"id":1727,"date":"2016-06-12T20:28:51","date_gmt":"2016-06-12T18:28:51","guid":{"rendered":"http:\/\/www.dream-of-a-golden-charm.de\/?page_id=1727"},"modified":"2016-06-13T08:35:19","modified_gmt":"2016-06-13T06:35:19","slug":"4-woche-b-wurf","status":"publish","type":"page","link":"http:\/\/www.dream-of-a-golden-charm.de\/?page_id=1727","title":{"rendered":"4. Woche B-Wurf"},"content":{"rendered":"<p>Diese Woche hatten wir sehr netten Besuch von einer guten Freundin und ph\u00e4nomenalen Fotografin Heike Gerhards. Ein herzliches Dankesch\u00f6n, liebe Heike f\u00fcr deine Geduld, deine M\u00fche und deinen erheblichen Zeitaufwand!!! Wir finden, dass alle Bilder wundervoll geworden sind.<br \/>\nUnsere Babys gehen in die 4. Woche und sie machen t\u00e4glich enorme Fortschritte. Bei allen sind die Z\u00e4hne &#8222;durchgebrochen&#8220; und die Goldi`s haben gestern schon die erste Milchmahlzeit geschlabbert und sie haben es sehr genossen. Einige wussten schon direkt wie sie die Milch aus dem kleinen Teller schlabbern m\u00fcssen. Andere brauchten eine kleine Starthilfe. Aber eines war sicher&#8230;.. sie sahen danach einfach nur zum abschlecken aus. Charming und Bella nutzten nat\u00fcrlich diese Gelegenheit und putzten ihre Babys SEHR ausgiebig.<\/p>\n<p>Herzliche Gr\u00fc\u00dfe sendet Charming`s Rudel.<\/p>\nngg_shortcode_0_placeholder\n<p>Die Rechte aller Fotos dieser Galerie liegen bei ARTig Fotografie (auch bei Facebook zu finden). Vervielf\u00e4ltigung oder anderweitiger Gebrauch bed\u00fcrfen der schriftlichen Genehmigung.<\/p>\n","protected":false},"excerpt":{"rendered":"<p>Diese Woche hatten wir sehr netten Besuch von einer guten Freundin und ph\u00e4nomenalen Fotografin Heike Gerhards. Ein herzliches Dankesch\u00f6n, liebe Heike f\u00fcr deine Geduld, deine M\u00fche und deinen erheblichen Zeitaufwand!!! Wir finden, dass alle Bilder wundervoll geworden sind. Unsere Babys [&hellip;]<\/p>\n","protected":false},"author":2,"featured_media":0,"parent":0,"menu_order":0,"comment_status":"closed","ping_status":"closed","template":"page-templates\/page-left-column.php","meta":{"ngg_post_thumbnail":0},"_links":{"self":[{"href":"http:\/\/www.dream-of-a-golden-charm.de\/index.php?rest_route=\/wp\/v2\/pages\/1727"}],"collection":[{"href":"http:\/\/www.dream-of-a-golden-charm.de\/index.php?rest_route=\/wp\/v2\/pages"}],"about":[{"href":"http:\/\/www.dream-of-a-golden-charm.de\/index.php?rest_route=\/wp\/v2\/types\/page"}],"author":[{"embeddable":true,"href":"http:\/\/www.dream-of-a-golden-charm.de\/index.php?rest_route=\/wp\/v2\/users\/2"}],"replies":[{"embeddable":true,"href":"http:\/\/www.dream-of-a-golden-charm.de\/index.php?rest_route=%2Fwp%2Fv2%2Fcomments&post=1727"}],"version-history":[{"count":4,"href":"http:\/\/www.dream-of-a-golden-charm.de\/index.php?rest_route=\/wp\/v2\/pages\/1727\/revisions"}],"predecessor-version":[{"id":1860,"href":"http:\/\/www.dream-of-a-golden-charm.de\/index.php?rest_route=\/wp\/v2\/pages\/1727\/revisions\/1860"}],"wp:attachment":[{"href":"http:\/\/www.dream-of-a-golden-charm.de\/index.php?rest_route=%2Fwp%2Fv2%2Fmedia&parent=1727"}],"curies":[{"name":"wp","href":"https:\/\/api.w.org\/{rel}","templated":true}]}}