{"id":19,"date":"2014-02-01T23:06:07","date_gmt":"2014-02-01T21:06:07","guid":{"rendered":"http:\/\/www.dream-of-a-golden-charm.de\/?page_id=19"},"modified":"2017-09-22T11:29:43","modified_gmt":"2017-09-22T09:29:43","slug":"kontakt","status":"publish","type":"page","link":"http:\/\/www.dream-of-a-golden-charm.de\/?page_id=19","title":{"rendered":"Kontakt"},"content":{"rendered":"<p>Falls sie Fragen oder Anmerkungen haben, k\u00f6nnen Sie uns \u00fcber unser Mailadresse <strong><a href=\"mailto:retriever@dream-of-a-golden-charm.de\">retriever@dream-of-a-golden-charm.de<\/a><\/strong> oder \u00fcber dieses Kontaktformular erreichen.<\/p>\n<p>Nat\u00fcrlich k\u00f6nnen sie auch gerne pers\u00f6nlichen Kontakt unter der angebenden Telefonnummer zu mir aufnehmen.<br \/>\nF\u00fcr Fragen zu unseren Hunden und zu unserer Zucht stehe ich ihnen gerne zur Verf\u00fcgung!  <\/p>\n<p><div class='content-column one_half'>\n<div class=\"wpcf7 no-js\" id=\"wpcf7-f18-o1\" lang=\"de-DE\" dir=\"ltr\">\n<div class=\"screen-reader-response\"><p role=\"status\" aria-live=\"polite\" aria-atomic=\"true\"><\/p> <ul><\/ul><\/div>\n<form action=\"\/index.php?rest_route=%2Fwp%2Fv2%2Fpages%2F19#wpcf7-f18-o1\" method=\"post\" class=\"wpcf7-form init\" aria-label=\"Kontaktformular\" novalidate=\"novalidate\" data-status=\"init\">\n<div style=\"display: none;\">\n<input type=\"hidden\" name=\"_wpcf7\" value=\"18\" \/>\n<input type=\"hidden\" name=\"_wpcf7_version\" value=\"5.7.7\" \/>\n<input type=\"hidden\" name=\"_wpcf7_locale\" value=\"de_DE\" \/>\n<input type=\"hidden\" name=\"_wpcf7_unit_tag\" value=\"wpcf7-f18-o1\" \/>\n<input type=\"hidden\" name=\"_wpcf7_container_post\" value=\"0\" \/>\n<input type=\"hidden\" name=\"_wpcf7_posted_data_hash\" value=\"\" \/>\n<\/div>\n<p>Ihr Name (Pflichtfeld)\n<\/p>\n<p><span class=\"wpcf7-form-control-wrap\" data-name=\"your-name\"><input size=\"40\" class=\"wpcf7-form-control wpcf7-text wpcf7-validates-as-required\" aria-required=\"true\" aria-invalid=\"false\" value=\"\" type=\"text\" name=\"your-name\" \/><\/span>\n<\/p>\n<p>Ihre E-Mail-Adresse (Pflichtfeld)\n<\/p>\n<p><span class=\"wpcf7-form-control-wrap\" data-name=\"your-email\"><input size=\"40\" class=\"wpcf7-form-control wpcf7-text wpcf7-email wpcf7-validates-as-required wpcf7-validates-as-email\" aria-required=\"true\" aria-invalid=\"false\" value=\"\" type=\"email\" name=\"your-email\" \/><\/span>\n<\/p>\n<p>Betreff\n<\/p>\n<p><span class=\"wpcf7-form-control-wrap\" data-name=\"your-subject\"><input size=\"40\" class=\"wpcf7-form-control wpcf7-text\" aria-invalid=\"false\" value=\"\" type=\"text\" name=\"your-subject\" \/><\/span>\n<\/p>\n<p>Ihre Nachricht\n<\/p>\n<p><span class=\"wpcf7-form-control-wrap\" data-name=\"your-message\"><textarea cols=\"40\" rows=\"10\" class=\"wpcf7-form-control wpcf7-textarea\" aria-invalid=\"false\" name=\"your-message\"><\/textarea><\/span>\n<\/p>\n<p><input class=\"wpcf7-form-control has-spinner wpcf7-submit\" type=\"submit\" value=\"Senden\" \/>\n<\/p><div class=\"wpcf7-response-output\" aria-hidden=\"true\"><\/div>\n<\/form>\n<\/div>\n<br \/><\/div><br \/>\n<div class='content-column one_half last_column'><img decoding=\"async\" loading=\"lazy\" src=\"http:\/\/www.dream-of-a-golden-charm.de\/wp-content\/uploads\/2014\/02\/Charming-Scho\u00df-300x200.jpg\" alt=\"Charming-Scho\u00df\" width=\"300\" height=\"200\" class=\"alignnone size-medium wp-image-312\" srcset=\"http:\/\/www.dream-of-a-golden-charm.de\/wp-content\/uploads\/2014\/02\/Charming-Scho\u00df-300x200.jpg 300w, http:\/\/www.dream-of-a-golden-charm.de\/wp-content\/uploads\/2014\/02\/Charming-Scho\u00df.jpg 525w\" sizes=\"(max-width: 300px) 100vw, 300px\" \/><br \/>\n<img decoding=\"async\" loading=\"lazy\" src=\"http:\/\/www.dream-of-a-golden-charm.de\/wp-content\/uploads\/2014\/02\/Kontaktdaten.png\" alt=\"Kontaktdaten\" width=\"241\" height=\"151\" class=\"alignnone size-full wp-image-272\" \/><br \/><\/div><div class='clear_column'><\/div><\/p>\n<p><a href=\"javascript:history.back()\">zur\u00fcck<\/a><\/p>\n","protected":false},"excerpt":{"rendered":"<p>Falls sie Fragen oder Anmerkungen haben, k\u00f6nnen Sie uns \u00fcber unser Mailadresse retriever@dream-of-a-golden-charm.de oder \u00fcber dieses Kontaktformular erreichen. Nat\u00fcrlich k\u00f6nnen sie auch gerne pers\u00f6nlichen Kontakt unter der angebenden Telefonnummer zu mir aufnehmen. F\u00fcr Fragen zu unseren Hunden und zu unserer [&hellip;]<\/p>\n","protected":false},"author":1,"featured_media":0,"parent":0,"menu_order":0,"comment_status":"open","ping_status":"open","template":"page-templates\/page-left-column.php","meta":{"ngg_post_thumbnail":0},"_links":{"self":[{"href":"http:\/\/www.dream-of-a-golden-charm.de\/index.php?rest_route=\/wp\/v2\/pages\/19"}],"collection":[{"href":"http:\/\/www.dream-of-a-golden-charm.de\/index.php?rest_route=\/wp\/v2\/pages"}],"about":[{"href":"http:\/\/www.dream-of-a-golden-charm.de\/index.php?rest_route=\/wp\/v2\/types\/page"}],"author":[{"embeddable":true,"href":"http:\/\/www.dream-of-a-golden-charm.de\/index.php?rest_route=\/wp\/v2\/users\/1"}],"replies":[{"embeddable":true,"href":"http:\/\/www.dream-of-a-golden-charm.de\/index.php?rest_route=%2Fwp%2Fv2%2Fcomments&post=19"}],"version-history":[{"count":12,"href":"http:\/\/www.dream-of-a-golden-charm.de\/index.php?rest_route=\/wp\/v2\/pages\/19\/revisions"}],"predecessor-version":[{"id":2470,"href":"http:\/\/www.dream-of-a-golden-charm.de\/index.php?rest_route=\/wp\/v2\/pages\/19\/revisions\/2470"}],"wp:attachment":[{"href":"http:\/\/www.dream-of-a-golden-charm.de\/index.php?rest_route=%2Fwp%2Fv2%2Fmedia&parent=19"}],"curies":[{"name":"wp","href":"https:\/\/api.w.org\/{rel}","templated":true}]}}