{"id":1921,"date":"2016-06-17T22:21:33","date_gmt":"2016-06-17T20:21:33","guid":{"rendered":"http:\/\/www.dream-of-a-golden-charm.de\/?page_id=1921"},"modified":"2016-06-19T11:26:23","modified_gmt":"2016-06-19T09:26:23","slug":"5-woche-b-wurf","status":"publish","type":"page","link":"http:\/\/www.dream-of-a-golden-charm.de\/?page_id=1921","title":{"rendered":"5. Woche B-Wurf"},"content":{"rendered":"<p>Unsere Baby\u00b4s machen gro\u00dfe Fortschritte. Diese Woche haben wir den Welpenauslauf erweitert, so dass mehr Freiraum f\u00fcr neue Abenteuer und Entdeckungen entstehen. Munteres Spielen mit den Geschwistern und herumklettern auf Mama Charming und Halbschwester Bella geh\u00f6ren zum Tagesprogramm. Mit Vorliebe werden hierbei die Ruten zum gro\u00dfen Spielvergn\u00fcgen.<br \/>\nErste Besuche mit vielen Verw\u00f6hn- und Streicheleinheiten wurden von allen Goldi\u00b4s sehr genossen und mit einem Schwanzwedeln oder gar einem K\u00fcsschen honoriert.<\/p>\n<p>Herzliche Gr\u00fc\u00dfe sendet Charming\u00b4s Rudel!  <\/p>\nngg_shortcode_0_placeholder\n","protected":false},"excerpt":{"rendered":"<p>Unsere Baby\u00b4s machen gro\u00dfe Fortschritte. Diese Woche haben wir den Welpenauslauf erweitert, so dass mehr Freiraum f\u00fcr neue Abenteuer und Entdeckungen entstehen. Munteres Spielen mit den Geschwistern und herumklettern auf Mama Charming und Halbschwester Bella geh\u00f6ren zum Tagesprogramm. Mit Vorliebe [&hellip;]<\/p>\n","protected":false},"author":1,"featured_media":0,"parent":0,"menu_order":0,"comment_status":"closed","ping_status":"closed","template":"page-templates\/frontpage-left-column.php","meta":{"ngg_post_thumbnail":0},"_links":{"self":[{"href":"http:\/\/www.dream-of-a-golden-charm.de\/index.php?rest_route=\/wp\/v2\/pages\/1921"}],"collection":[{"href":"http:\/\/www.dream-of-a-golden-charm.de\/index.php?rest_route=\/wp\/v2\/pages"}],"about":[{"href":"http:\/\/www.dream-of-a-golden-charm.de\/index.php?rest_route=\/wp\/v2\/types\/page"}],"author":[{"embeddable":true,"href":"http:\/\/www.dream-of-a-golden-charm.de\/index.php?rest_route=\/wp\/v2\/users\/1"}],"replies":[{"embeddable":true,"href":"http:\/\/www.dream-of-a-golden-charm.de\/index.php?rest_route=%2Fwp%2Fv2%2Fcomments&post=1921"}],"version-history":[{"count":4,"href":"http:\/\/www.dream-of-a-golden-charm.de\/index.php?rest_route=\/wp\/v2\/pages\/1921\/revisions"}],"predecessor-version":[{"id":1929,"href":"http:\/\/www.dream-of-a-golden-charm.de\/index.php?rest_route=\/wp\/v2\/pages\/1921\/revisions\/1929"}],"wp:attachment":[{"href":"http:\/\/www.dream-of-a-golden-charm.de\/index.php?rest_route=%2Fwp%2Fv2%2Fmedia&parent=1921"}],"curies":[{"name":"wp","href":"https:\/\/api.w.org\/{rel}","templated":true}]}}