{"id":1962,"date":"2016-06-26T11:12:24","date_gmt":"2016-06-26T09:12:24","guid":{"rendered":"http:\/\/www.dream-of-a-golden-charm.de\/?page_id=1962"},"modified":"2016-06-26T11:31:33","modified_gmt":"2016-06-26T09:31:33","slug":"6-woche-b-wurf","status":"publish","type":"page","link":"http:\/\/www.dream-of-a-golden-charm.de\/?page_id=1962","title":{"rendered":"6. Woche B-Wurf"},"content":{"rendered":"<p>Diese Woche starteten die Welpen einen Ausflug in den Garten. Viele neue interessante Ger\u00fcche und Ger\u00e4usche wurden wahrgenommen. \u00dcberall wurde aufgeregt geschn\u00fcffelt und bei dem einem oder dem anderem Ger\u00e4usch das K\u00f6pfchen gehoben.<br \/>\nUnser Wohnzimmer wurde dann etwas sp\u00e4ter mit schnellen Lauf- und Spielbegegnungen inspiziert&#8230;.der ein oder andere wollte unbedingt unter die Couch&#8230;.andere wiederum fanden die Gardine sehr gut zum apportieren&#8230;Mama Charming und Arabella verfolgten alle Goldb\u00e4ren mit akribischen Augen&#8230;Ziehmama Christiane machte dabei schon den ein oder anderen Spagat.<\/p>\n<p>Herzliche Gr\u00fc\u00dfe sendet Charming\u00b4s Rudel<br \/>\nngg_shortcode_0_placeholder<\/p>\n","protected":false},"excerpt":{"rendered":"<p>Diese Woche starteten die Welpen einen Ausflug in den Garten. Viele neue interessante Ger\u00fcche und Ger\u00e4usche wurden wahrgenommen. \u00dcberall wurde aufgeregt geschn\u00fcffelt und bei dem einem oder dem anderem Ger\u00e4usch das K\u00f6pfchen gehoben. Unser Wohnzimmer wurde dann etwas sp\u00e4ter mit [&hellip;]<\/p>\n","protected":false},"author":1,"featured_media":0,"parent":0,"menu_order":0,"comment_status":"closed","ping_status":"closed","template":"page-templates\/frontpage-left-column.php","meta":{"ngg_post_thumbnail":0},"_links":{"self":[{"href":"http:\/\/www.dream-of-a-golden-charm.de\/index.php?rest_route=\/wp\/v2\/pages\/1962"}],"collection":[{"href":"http:\/\/www.dream-of-a-golden-charm.de\/index.php?rest_route=\/wp\/v2\/pages"}],"about":[{"href":"http:\/\/www.dream-of-a-golden-charm.de\/index.php?rest_route=\/wp\/v2\/types\/page"}],"author":[{"embeddable":true,"href":"http:\/\/www.dream-of-a-golden-charm.de\/index.php?rest_route=\/wp\/v2\/users\/1"}],"replies":[{"embeddable":true,"href":"http:\/\/www.dream-of-a-golden-charm.de\/index.php?rest_route=%2Fwp%2Fv2%2Fcomments&post=1962"}],"version-history":[{"count":4,"href":"http:\/\/www.dream-of-a-golden-charm.de\/index.php?rest_route=\/wp\/v2\/pages\/1962\/revisions"}],"predecessor-version":[{"id":1967,"href":"http:\/\/www.dream-of-a-golden-charm.de\/index.php?rest_route=\/wp\/v2\/pages\/1962\/revisions\/1967"}],"wp:attachment":[{"href":"http:\/\/www.dream-of-a-golden-charm.de\/index.php?rest_route=%2Fwp%2Fv2%2Fmedia&parent=1962"}],"curies":[{"name":"wp","href":"https:\/\/api.w.org\/{rel}","templated":true}]}}