{"id":2010,"date":"2016-07-03T17:19:40","date_gmt":"2016-07-03T15:19:40","guid":{"rendered":"http:\/\/www.dream-of-a-golden-charm.de\/?page_id=2010"},"modified":"2016-07-03T17:19:40","modified_gmt":"2016-07-03T15:19:40","slug":"7-woche-b-wurf","status":"publish","type":"page","link":"http:\/\/www.dream-of-a-golden-charm.de\/?page_id=2010","title":{"rendered":"7. Woche B-Wurf"},"content":{"rendered":"<p>Wenn das Wetter es zul\u00e4sst, toben die kleinen Wonneproppen munter durch den Garten. Danach sehen sie wunderbar schmuddelig aus. Es gibt jeden Tag so viele neue Dinge zu erforschen und Weg in die K\u00fcche haben die Goldi`s auch schon gefunden. Vom vielen herumtollen bekommt man nat\u00fcrlich auch gro\u00dfen Hunger und dieser wird auch nach gro\u00dfem Gebr\u00fcll von der Ziehmama Christiane mit vielen Leckereien gestillt. Das Kauen klappt schon genauso wie bei den gro\u00dfen Vorbildern Mama Charming und Halbschwester Arabella.<\/p>\n<p>Herzliche Gr\u00fc\u00dfe sendet Charming`s Rudel!<\/p>\nngg_shortcode_0_placeholder\n","protected":false},"excerpt":{"rendered":"<p>Wenn das Wetter es zul\u00e4sst, toben die kleinen Wonneproppen munter durch den Garten. Danach sehen sie wunderbar schmuddelig aus. Es gibt jeden Tag so viele neue Dinge zu erforschen und Weg in die K\u00fcche haben die Goldi`s auch schon gefunden. [&hellip;]<\/p>\n","protected":false},"author":2,"featured_media":0,"parent":0,"menu_order":0,"comment_status":"closed","ping_status":"closed","template":"page-templates\/frontpage-left-column.php","meta":{"ngg_post_thumbnail":0},"_links":{"self":[{"href":"http:\/\/www.dream-of-a-golden-charm.de\/index.php?rest_route=\/wp\/v2\/pages\/2010"}],"collection":[{"href":"http:\/\/www.dream-of-a-golden-charm.de\/index.php?rest_route=\/wp\/v2\/pages"}],"about":[{"href":"http:\/\/www.dream-of-a-golden-charm.de\/index.php?rest_route=\/wp\/v2\/types\/page"}],"author":[{"embeddable":true,"href":"http:\/\/www.dream-of-a-golden-charm.de\/index.php?rest_route=\/wp\/v2\/users\/2"}],"replies":[{"embeddable":true,"href":"http:\/\/www.dream-of-a-golden-charm.de\/index.php?rest_route=%2Fwp%2Fv2%2Fcomments&post=2010"}],"version-history":[{"count":3,"href":"http:\/\/www.dream-of-a-golden-charm.de\/index.php?rest_route=\/wp\/v2\/pages\/2010\/revisions"}],"predecessor-version":[{"id":2020,"href":"http:\/\/www.dream-of-a-golden-charm.de\/index.php?rest_route=\/wp\/v2\/pages\/2010\/revisions\/2020"}],"wp:attachment":[{"href":"http:\/\/www.dream-of-a-golden-charm.de\/index.php?rest_route=%2Fwp%2Fv2%2Fmedia&parent=2010"}],"curies":[{"name":"wp","href":"https:\/\/api.w.org\/{rel}","templated":true}]}}