{"id":2046,"date":"2016-07-09T16:33:37","date_gmt":"2016-07-09T14:33:37","guid":{"rendered":"http:\/\/www.dream-of-a-golden-charm.de\/?page_id=2046"},"modified":"2016-07-09T17:00:03","modified_gmt":"2016-07-09T15:00:03","slug":"8-woche-b-wurf","status":"publish","type":"page","link":"http:\/\/www.dream-of-a-golden-charm.de\/?page_id=2046","title":{"rendered":"8. Woche B-Wurf"},"content":{"rendered":"<p>Unsere Baby\u00b4s sind jetzt schon richtig wunderbare Hunde geworden. Sie graben mit Vorliebe den Garten um, matschen Retriever -Typisch im Wasser und schauen mir gerne beim Rasenm\u00e4hen zu! Diese Woche kam unsere Zuchtwart zur Wurfabnahme. Er war nat\u00fcrlich von den Kleinen sehr begeistert. Alle entsprechen dem Rassestandart und verf\u00fcgen \u00fcber eine vorz\u00fcgliche Fellanlage, ein harmonischer Knochenbau und ich musste aufpassen, dass er nicht einen von den Kleinen mitnimmt&#8230;.<\/p>\nngg_shortcode_0_placeholder\n","protected":false},"excerpt":{"rendered":"<p>Unsere Baby\u00b4s sind jetzt schon richtig wunderbare Hunde geworden. Sie graben mit Vorliebe den Garten um, matschen Retriever -Typisch im Wasser und schauen mir gerne beim Rasenm\u00e4hen zu! Diese Woche kam unsere Zuchtwart zur Wurfabnahme. Er war nat\u00fcrlich von den [&hellip;]<\/p>\n","protected":false},"author":1,"featured_media":0,"parent":0,"menu_order":0,"comment_status":"closed","ping_status":"closed","template":"page-templates\/frontpage-left-column.php","meta":{"ngg_post_thumbnail":0},"_links":{"self":[{"href":"http:\/\/www.dream-of-a-golden-charm.de\/index.php?rest_route=\/wp\/v2\/pages\/2046"}],"collection":[{"href":"http:\/\/www.dream-of-a-golden-charm.de\/index.php?rest_route=\/wp\/v2\/pages"}],"about":[{"href":"http:\/\/www.dream-of-a-golden-charm.de\/index.php?rest_route=\/wp\/v2\/types\/page"}],"author":[{"embeddable":true,"href":"http:\/\/www.dream-of-a-golden-charm.de\/index.php?rest_route=\/wp\/v2\/users\/1"}],"replies":[{"embeddable":true,"href":"http:\/\/www.dream-of-a-golden-charm.de\/index.php?rest_route=%2Fwp%2Fv2%2Fcomments&post=2046"}],"version-history":[{"count":3,"href":"http:\/\/www.dream-of-a-golden-charm.de\/index.php?rest_route=\/wp\/v2\/pages\/2046\/revisions"}],"predecessor-version":[{"id":2051,"href":"http:\/\/www.dream-of-a-golden-charm.de\/index.php?rest_route=\/wp\/v2\/pages\/2046\/revisions\/2051"}],"wp:attachment":[{"href":"http:\/\/www.dream-of-a-golden-charm.de\/index.php?rest_route=%2Fwp%2Fv2%2Fmedia&parent=2046"}],"curies":[{"name":"wp","href":"https:\/\/api.w.org\/{rel}","templated":true}]}}