{"id":237,"date":"2014-02-08T14:11:38","date_gmt":"2014-02-08T13:11:38","guid":{"rendered":"http:\/\/www.dream-of-a-golden-charm.de\/?page_id=237"},"modified":"2017-06-03T19:54:46","modified_gmt":"2017-06-03T17:54:46","slug":"wurfplanung-2","status":"publish","type":"page","link":"http:\/\/www.dream-of-a-golden-charm.de\/?page_id=237","title":{"rendered":"B &#8211; Wurf"},"content":{"rendered":"<p style=\"text-align: justify;\">Am 20.05.2016 brachte Charming aus der Verpaarung von Charming mit Umar-Chase vom Hillersbachtal neun gesunde, cremefarbene Goldiewelpen. Es sind 5 stramme R\u00fcden und 4 entz\u00fcckende H\u00fcndinnen. Beide Elterntiere wurden umfangreich untersucht und zeigen&nbsp;vorz\u00fcgliche Gesundheitsergebnisse! Alle Welpen aus diesem Wurf haben ein neues Zuhause gefunden.<\/p>\n<p><strong>Achten sie als Welpeninteressent darauf, dass beide Elterntiere!!! wichtige Untersuchungen wie HD\/ED R\u00f6ntgen (Auswertung \u00fcber einen Gutachter), Augenuntersuchungen durch einen Gutachter und Gentests wie: prcd-PRA, PRA 1, PRA 2, Ichthyose und Muskeldystrophie haben. Denn beide Elterntiere geben ihr Erbgut an die Welpen weiter. Diese Untersuchungsergebnisse sollten nachwei\u00dfbar sein. <\/strong><br \/>\n<div class='content-column one_half'><img decoding=\"async\" loading=\"lazy\" class=\"aligncenter size-medium wp-image-1406\" src=\"http:\/\/www.dream-of-a-golden-charm.de\/wp-content\/uploads\/2014\/02\/Chase-300x200.jpg\" alt=\"Chase\" width=\"300\" height=\"200\" srcset=\"http:\/\/www.dream-of-a-golden-charm.de\/wp-content\/uploads\/2014\/02\/Chase-300x200.jpg 300w, http:\/\/www.dream-of-a-golden-charm.de\/wp-content\/uploads\/2014\/02\/Chase.jpg 800w\" sizes=\"(max-width: 300px) 100vw, 300px\" \/><\/div><div class='content-column one_half last_column'><div class='content-column one_half last_column'><\/div><div class='clear_column'><\/div><img decoding=\"async\" loading=\"lazy\" src=\"http:\/\/www.dream-of-a-golden-charm.de\/wp-content\/gallery\/charming\/2352.jpg\" alt=\"\" width=\"300\" height=\"200\"><\/div><div class='clear_column'><\/div><\/p>\n<p><div class='content-column one_half'>Chase ist ein sensibler, verspielter und lustiger Clown, ein idealer Familienhund. Er ist aktiv und lernwillig, besitzt viel &#8222;Will to Please&#8220; und ist mindestens in gleichem Ma\u00dfe verschmust und ausgeglichen. Er hat keinen ausgepr\u00e4gten Jagdtrieb, geht \u00c4rger grunds\u00e4tzlich aus dem Wege und versteht sich mit allem und jedem.<br \/>\nChase hat einen kr\u00e4ftigen, aber auch ebenso gesunden K\u00f6rperbau. Er hat viel und auch ziemlich dichtes Fell, wundersch\u00f6n nicht nur in der Struktur, sondern auch in der mittelgoldenen Farbe. Sein Pigment ist stark und verliert sich auch im Winter nicht. Seinen amerikanischen Ursprung m\u00fctterlicherseits kann er nicht verleugnen und seine Mama ist ausgebildete Therapieh\u00fcndin.<\/strong><\/strong>Ausstellungserfolge:<br \/>\nAltersbedingt wird mit Chase an einem Championat in der offenen Klasse gearbeitet. ;)&#8216;<br \/>\nFormwert V1<\/p>\n<p>Auszug aus einem aktuellen Richterbericht:<br \/>\nHaarkleid gepflegt, langes Stockhaar mit guter Unterwolle; maskuliner R\u00fcdenkopf mit kr\u00e4ftigem Fang und breitem Oberkopf; Augen mandelf\u00f6rmig, dunkel und korrekt eingesetzt; kr\u00e4ftige VZ-Schere; Behang hoch angesetzt, dreieckig und gleichlang; Brust tief bis zum Ellenbogen; R\u00fccken gerade und fest, kr\u00e4ftige Lendenpartie; Vorderhand gerade und parallel gestellt, Pfoten geschlossen; Hinterhand korrekte Winkelung, gut bemuskelte Keulenpartie; Gangwerk frei und offen; Hoden beidseits vorhanden; korrekt angesetzte und getragene Fahnenrute.<\/p>\n<p>&#8222;Hervorzuheben ist der maskulin gezeichnete R\u00fcdenkopf mit einem sehr gut pigmentierten Nasenspiegel&#8220;<\/p>\n<p>Die Ahnen von Chase gehen aus bekannten Kenneln wie Rossmix, Glen Sheallag, v.d. Beerse Hoeve, Paudell und Xanthos zur\u00fcck.<br \/>\n<a href=\"http:\/\/k9data.com\/pedigree.asp?ID=595876\">Ahnentafel: k9data<\/a><\/td>\n<td style=\"text-align: justify;\"><strong>Charming<\/strong>&nbsp;hat ein wundervoll freundliches Wesen, ist sehr kinderlieb, einf\u00fchlsam, verschmust, anh\u00e4nglich und macht ihrem Namen alle Ehre. Sie besitzt einen hervorragenden Geruchssinn, liebt Wasser und die Arbeit mit dem Dummy. Sie entspricht dem Rassestandard des Golden Retrievers, welches sich in den Ausstellungserfolgen widerspiegelt.<\/div><br \/>\n<div class='content-column one_half last_column'>Einige Ausz\u00fcge \u00fcber Charming`s Richterbewertungen finden sie unter der Rubrik: Richterberichte Charming.<strong><br \/>\nCharming\u00b4s Ahnen gehen aus den Kenneln v.d. Beerse Hoeve hervor. <\/strong><\/p>\n<p>Bereits Charmings erster Wurf brachte gesunde und wesensfeste Welpen hervor, die ihren Besitzern sehr viel Freude bereiten.<br \/>\nMehr \u00fcber Charming finden Sie <a href=\"http:\/\/www.dream-of-a-golden-charm.de\/?page_id=31\">hier<\/a><\/p>\n<p><a href=\"http:\/\/www.k9data.com\/pedigree.asp?ID=687590\">Ahnentafel: k9data<\/a><\/div><div class='clear_column'><\/div><br \/>\n<div class='content-column one_half'><h6><strong>Gesundheitsergebnisse<\/strong><\/h6>\n<p>HD: A1\/A1 (frei-GRSK)<br \/>\nED: 0\/0 (frei-GRSK)<br \/>\nOCD, IPA, FCP frei<br \/>\nAugen: frei (ECVO)<br \/>\nSchilddr\u00fcse: normal<br \/>\nHerz: ohne Befund<br \/>\nAllergien: keine bekannt<br \/>\nGebiss:vollzahniges Scherengebiss<\/p>\n<p><strong>Gentests: <\/strong><br \/>\nprcd_PRA frei \/ kein Tr\u00e4ger<br \/>\nGR-PRA1 frei \/ kein Tr\u00e4ger<br \/>\nGR-PRA2 frei \/ Tr\u00e4ger<br \/>\nIchthyose frei \/ kein Tr\u00e4ger<br \/>\nMuskeldystrophie frei \/ kein Tr\u00e4ger<\/div><br \/>\n<div class='content-column one_half last_column'><h6><strong>Gesundheitsergebnisse:<\/strong><\/h6>\n<p>HD: A\/frei<br \/>\nED: 0\/frei<br \/>\nOCD, IPA, FCP: frei<br \/>\nAugen: CEA, RD,PHTVL, Katarakt, PRA-frei<br \/>\nSchilddr\u00fcse: normal<br \/>\nHerz: klar<br \/>\nAllergien: keine bekannt<br \/>\nGebiss: vollzahniges Scherengebiss<\/p>\n<p><strong>Gentests<\/strong> (Laboklin):<br \/>\nprcd-PRA: frei\/kein Tr\u00e4ger<br \/>\nGR-PRA1: frei\/kein Tr\u00e4ger<br \/>\nGR-PRA2: frei\/kein Tr\u00e4ger<br \/>\nIchthyose: frei\/Tr\u00e4ger<br \/>\nMuskeldystrophie: frei\/kein Tr\u00e4ger<\/td><\/div><div class='clear_column'><\/div><br \/>\nSollten Sie Fragen oder Interesse an einem Welpen&nbsp;aus unserer Zucht haben, k\u00f6nnen Sie uns gerne kontaktieren.<strong> <img decoding=\"async\" src=\"http:\/\/www.dream-of-a-golden-charm.de\/wp-content\/gallery\/aw3\/3145.jpg\" alt=\"Charming und Welpen\"><\/strong><\/p>\n","protected":false},"excerpt":{"rendered":"<p>Am 20.05.2016 brachte Charming aus der Verpaarung von Charming mit Umar-Chase vom Hillersbachtal neun gesunde, cremefarbene Goldiewelpen. Es sind 5 stramme R\u00fcden und 4 entz\u00fcckende H\u00fcndinnen. Beide Elterntiere wurden umfangreich untersucht und zeigen&nbsp;vorz\u00fcgliche Gesundheitsergebnisse! Alle Welpen aus diesem Wurf haben [&hellip;]<\/p>\n","protected":false},"author":1,"featured_media":0,"parent":0,"menu_order":0,"comment_status":"closed","ping_status":"open","template":"page-templates\/page-left-column.php","meta":{"ngg_post_thumbnail":0},"_links":{"self":[{"href":"http:\/\/www.dream-of-a-golden-charm.de\/index.php?rest_route=\/wp\/v2\/pages\/237"}],"collection":[{"href":"http:\/\/www.dream-of-a-golden-charm.de\/index.php?rest_route=\/wp\/v2\/pages"}],"about":[{"href":"http:\/\/www.dream-of-a-golden-charm.de\/index.php?rest_route=\/wp\/v2\/types\/page"}],"author":[{"embeddable":true,"href":"http:\/\/www.dream-of-a-golden-charm.de\/index.php?rest_route=\/wp\/v2\/users\/1"}],"replies":[{"embeddable":true,"href":"http:\/\/www.dream-of-a-golden-charm.de\/index.php?rest_route=%2Fwp%2Fv2%2Fcomments&post=237"}],"version-history":[{"count":45,"href":"http:\/\/www.dream-of-a-golden-charm.de\/index.php?rest_route=\/wp\/v2\/pages\/237\/revisions"}],"predecessor-version":[{"id":2388,"href":"http:\/\/www.dream-of-a-golden-charm.de\/index.php?rest_route=\/wp\/v2\/pages\/237\/revisions\/2388"}],"wp:attachment":[{"href":"http:\/\/www.dream-of-a-golden-charm.de\/index.php?rest_route=%2Fwp%2Fv2%2Fmedia&parent=237"}],"curies":[{"name":"wp","href":"https:\/\/api.w.org\/{rel}","templated":true}]}}