{"id":258,"date":"2014-02-09T14:06:17","date_gmt":"2014-02-09T13:06:17","guid":{"rendered":"http:\/\/www.dream-of-a-golden-charm.de\/?page_id=258"},"modified":"2019-03-01T11:16:10","modified_gmt":"2019-03-01T10:16:10","slug":"links","status":"publish","type":"page","link":"http:\/\/www.dream-of-a-golden-charm.de\/?page_id=258","title":{"rendered":"Links"},"content":{"rendered":"<h6>Z\u00fcchterkollegen und Freunde<\/h6>\n<p><a title=\"Antons Pfote\" href=\"http:\/\/www.antons-pfote.de\" target=\"_blank\" rel=\"noopener\"><img decoding=\"async\" class=\"alignnone size-medium wp-image-431\" src=\"http:\/\/antons-pfote.de\/wp-content\/uploads\/2016\/02\/Banner-200x80.png\" alt=\"Banner 200x80\" width=\"300\"><\/a><\/p>\n<p><a href=\"http:\/\/www.vom-hillersbachtal.de\"><img decoding=\"async\" class=\"alignnone size-medium wp-image-2229\" src=\"http:\/\/www.dream-of-a-golden-charm.de\/wp-content\/uploads\/2016\/11\/vom_Hillersbachtal_Banner-300x57.png\" alt=\"vom_hillersbachtal_banner\" width=\"300\" srcset=\"http:\/\/www.dream-of-a-golden-charm.de\/wp-content\/uploads\/2016\/11\/vom_Hillersbachtal_Banner-300x57.png 300w, http:\/\/www.dream-of-a-golden-charm.de\/wp-content\/uploads\/2016\/11\/vom_Hillersbachtal_Banner.png 523w\" sizes=\"(max-width: 300px) 100vw, 300px\" \/><\/a><\/p>\n<p><a href=\"http:\/\/www.golden-retriever-vom-thronfels.de\">Golden Retriever vom Thronfels<\/a><\/p>\n<p>Unser Zuchtverband:<br \/>\n<a href=\"http:\/\/retriever-club-deutschland.de\"><img decoding=\"async\" class=\"aligncenter size-full wp-image-2222\" src=\"http:\/\/www.dream-of-a-golden-charm.de\/wp-content\/uploads\/2019\/03\/logorcd.png\" alt=\"verein_-_logo\" width=\"150\"><\/a><\/p>\n<p><a href=\"http:\/\/www.flatgolden.de\"><img decoding=\"async\" loading=\"lazy\" class=\"aligncenter size-medium wp-image-2232\" src=\"http:\/\/www.dream-of-a-golden-charm.de\/wp-content\/uploads\/2016\/11\/1348462586-300x110.jpg\" alt=\"1348462586\" width=\"300\" height=\"110\" srcset=\"http:\/\/www.dream-of-a-golden-charm.de\/wp-content\/uploads\/2016\/11\/1348462586-300x110.jpg 300w, http:\/\/www.dream-of-a-golden-charm.de\/wp-content\/uploads\/2016\/11\/1348462586.jpg 400w\" sizes=\"(max-width: 300px) 100vw, 300px\" \/><\/a><\/p>\n<p><a title=\"Goldenpearls Boxbrunn\" href=\"http:\/\/goldenpearls-boxbrunn.de\" target=\"_blank\" rel=\"noopener\"><img decoding=\"async\" loading=\"lazy\" class=\"alignnone size-medium wp-image-431\" src=\"http:\/\/www.dream-of-a-golden-charm.de\/wp-content\/uploads\/2014\/02\/GPBB_500x150_2-300x90.jpg\" alt=\"GPBB_500x150_2\" width=\"300\" height=\"90\" srcset=\"http:\/\/www.dream-of-a-golden-charm.de\/wp-content\/uploads\/2014\/02\/GPBB_500x150_2-300x90.jpg 300w, http:\/\/www.dream-of-a-golden-charm.de\/wp-content\/uploads\/2014\/02\/GPBB_500x150_2.jpg 500w\" sizes=\"(max-width: 300px) 100vw, 300px\" \/><\/a><\/p>\n<p><a href=\"http:\/\/www.rehkitzhilfe.de\/\" target=\"_blank\" rel=\"noopener\"><img decoding=\"async\" src=\"http:\/\/www.dream-of-a-golden-charm.de\/wp-content\/uploads\/2016\/06\/bannerrehkitzhilfe.jpg\" alt=\"www.rehkitzhilfe.de\" height=\"150\"> <\/a><br \/>\n[\/one_half]<\/p>\n<div class='content-column one_half last_column'><img decoding=\"async\" loading=\"lazy\" class=\"alignnone size-medium wp-image-317\" src=\"http:\/\/www.dream-of-a-golden-charm.de\/wp-content\/uploads\/2014\/02\/Julia_Charming_1903-200x300.jpg\" alt=\"Julia_Charming_1903\" width=\"200\" height=\"300\" srcset=\"http:\/\/www.dream-of-a-golden-charm.de\/wp-content\/uploads\/2014\/02\/Julia_Charming_1903-200x300.jpg 200w, http:\/\/www.dream-of-a-golden-charm.de\/wp-content\/uploads\/2014\/02\/Julia_Charming_1903.jpg 350w\" sizes=\"(max-width: 200px) 100vw, 200px\" \/><\/div><div class='clear_column'><\/div>\n<h6>Sie m\u00f6chten meine Webseite verlinken und ben\u00f6tigen ein Banner?<\/h6>\n<p>\u00dcber eine Verlinkung w\u00fcrden ich mich sehr freuen. Wenn Sie m\u00f6chten, d\u00fcrfen Sie die untenstehenden Banner f\u00fcr eine Verlinkung auf unsere Webseite nutzen.<br \/>\n<a title=\"Homepage \" href=\"http:\/\/www.dream-of-a-golden-charm.de\" target=\"_blank\" rel=\"noopener\"><img decoding=\"async\" loading=\"lazy\" class=\"alignnone size-medium wp-image-431\" src=\"http:\/\/www.dream-of-a-golden-charm.de\/DreamCharm_500x150.png\" alt=\"Banner 500x150\" width=\"500\" height=\"150\"><\/a><br \/>\nHier der Code zum Einf\u00fcgen in die Webseite <strong>(500 x 150 Pixel)<\/strong>:<br \/>\n&lt;a href=&#8220;http:\/\/www.dream-of-a-golden-charm.de&#8220; title=&#8220;Homepage &#8222;Dream of a golden charm&#8220;&#8220; target=&#8220;_blank&#8220;&gt;&lt;img src=&#8220;http:\/\/www.dream-of-a-golden-charm.de\/DreamCharm_500x150.png&#8220; alt=&#8220;Banner 500&#215;150&#8243; width=&#8220;500&#8243; height=&#8220;150&#8243;\/&gt;&lt;\/a&gt;<\/p>\n<p><a title=\"Homepage \" href=\"http:\/\/www.dream-of-a-golden-charm.de\" target=\"_blank\" rel=\"noopener\"><img decoding=\"async\" loading=\"lazy\" class=\"alignnone size-medium wp-image-431\" src=\"http:\/\/www.dream-of-a-golden-charm.de\/DreamCharm_200x80.png\" alt=\"Banner 200x80\" width=\"200\" height=\"80\"><\/a><br \/>\nHier der Code zum Einf\u00fcgen in die Webseite <strong>(200 x 80 Pixel)<\/strong>:<br \/>\n&lt;a href=&#8220;http:\/\/www.dream-of-a-golden-charm.de&#8220; title=&#8220;Homepage &#8222;Dream of a golden charm&#8220;&#8220; target=&#8220;_blank&#8220;&gt;&lt;img src=&#8220;http:\/\/www.dream-of-a-golden-charm.de\/DreamCharm_200x80.png&#8220; alt=&#8220;Banner 200&#215;80&#8243; width=&#8220;200&#8243; height=&#8220;80&#8243;\/&gt;&lt;\/a&gt;<\/p>\n","protected":false},"excerpt":{"rendered":"<p>Z\u00fcchterkollegen und Freunde Golden Retriever vom Thronfels Unser Zuchtverband: [\/one_half] Sie m\u00f6chten meine Webseite verlinken und ben\u00f6tigen ein Banner? \u00dcber eine Verlinkung w\u00fcrden ich mich sehr freuen. Wenn Sie m\u00f6chten, d\u00fcrfen Sie die untenstehenden Banner f\u00fcr eine Verlinkung auf unsere [&hellip;]<\/p>\n","protected":false},"author":1,"featured_media":0,"parent":0,"menu_order":0,"comment_status":"closed","ping_status":"closed","template":"page-templates\/page-left-column.php","meta":{"ngg_post_thumbnail":0},"_links":{"self":[{"href":"http:\/\/www.dream-of-a-golden-charm.de\/index.php?rest_route=\/wp\/v2\/pages\/258"}],"collection":[{"href":"http:\/\/www.dream-of-a-golden-charm.de\/index.php?rest_route=\/wp\/v2\/pages"}],"about":[{"href":"http:\/\/www.dream-of-a-golden-charm.de\/index.php?rest_route=\/wp\/v2\/types\/page"}],"author":[{"embeddable":true,"href":"http:\/\/www.dream-of-a-golden-charm.de\/index.php?rest_route=\/wp\/v2\/users\/1"}],"replies":[{"embeddable":true,"href":"http:\/\/www.dream-of-a-golden-charm.de\/index.php?rest_route=%2Fwp%2Fv2%2Fcomments&post=258"}],"version-history":[{"count":64,"href":"http:\/\/www.dream-of-a-golden-charm.de\/index.php?rest_route=\/wp\/v2\/pages\/258\/revisions"}],"predecessor-version":[{"id":2621,"href":"http:\/\/www.dream-of-a-golden-charm.de\/index.php?rest_route=\/wp\/v2\/pages\/258\/revisions\/2621"}],"wp:attachment":[{"href":"http:\/\/www.dream-of-a-golden-charm.de\/index.php?rest_route=%2Fwp%2Fv2%2Fmedia&parent=258"}],"curies":[{"name":"wp","href":"https:\/\/api.w.org\/{rel}","templated":true}]}}