{"id":359,"date":"2014-02-15T20:16:59","date_gmt":"2014-02-15T19:16:59","guid":{"rendered":"http:\/\/www.dream-of-a-golden-charm.de\/?page_id=359"},"modified":"2014-04-20T09:08:04","modified_gmt":"2014-04-20T07:08:04","slug":"gedanken-vor-dem-welpenkauf","status":"publish","type":"page","link":"http:\/\/www.dream-of-a-golden-charm.de\/?page_id=359","title":{"rendered":"Gedanken vor dem Welpenkauf"},"content":{"rendered":"<div class='content-column three_fifth'><h6>Fragen, die Sie sich vor der Anschaffung eines Hundes stellen sollten:<\/h6>\n<ul>\n<li>Haben sie sich \u00fcberlegt, dass ihr zuk\u00fcnftiger Hund eine Lebenserwartung von ca. 13 Jahren haben kann?<\/li>\n<li>Ist Ihnen klar, dass ein Hund und besonders ein Welpe zus\u00e4tzliche Arbeit bedeutet\u00a0(Hundehaare, schmutziger Boden, ausgebudelte Pflanzen, zerbissene Schuhe, Urinpf\u00fctzen und Kothaufen auf der Auslegware etc.)?<\/li>\n<li>K\u00f6nnen Sie die zus\u00e4tzlichen laufenden Kosten f\u00fcr einen Hund aufbringen (Leine, Halsband, N\u00e4pfe, B\u00fcrsten, Hundebett, Hundefutter,\u00a0Tierarztkosten, Hundesteuer, Versicherung, Hundeplatz oder Hundetrainer)?<\/li>\n<li>Sind Sie bereit, Ihre Urlaubsplanung an das neue Familienmitglied anzupassen?<\/li>\n<li>Ist bei einem pl\u00f6tzlichen Kur- oder Krankenhausaufenthalt die Betreuung eines Hundes gesichert?<\/li>\n<li>Sind Sie bereit, bei jedem Wind und Wetter mit dem Hund spazieren zu gehen und das sogar mehrmals t\u00e4glich?<\/li>\n<li>Haben Sie Interesse,\u00a0genug Zeit in die Erziehung und das Training eines Hundes zu investieren?<\/li>\n<li>Sind alle im Haus lebenden Familienmitglieder mit der Anschaffung eines Hundes einverstanden?<\/li>\n<li>Sind sie bereit, ihren\u00a0Hund als Familienmitglied (keine Zwingerhaltung oder Au\u00dfenhaltung!)\u00a0aufzunehmen?<\/li>\n<\/ul>\n<p><strong>Wenn Sie eine dieser Fragen mit &#8222;Nein&#8220; beantworten, w\u00fcrde ich Ihnen von der Anschaffung eines Hundes abraten!<br \/>\n<\/strong><br \/><\/div>\n<div class='content-column two_fifth last_column'><img decoding=\"async\" loading=\"lazy\" src=\"http:\/\/www.dream-of-a-golden-charm.de\/wp-content\/uploads\/2014\/02\/Charming_1342-300x200.jpg\" alt=\"Charming_1342\" width=\"300\" height=\"200\" class=\"alignnone size-medium wp-image-376\" srcset=\"http:\/\/www.dream-of-a-golden-charm.de\/wp-content\/uploads\/2014\/02\/Charming_1342-300x200.jpg 300w, http:\/\/www.dream-of-a-golden-charm.de\/wp-content\/uploads\/2014\/02\/Charming_1342.jpg 525w\" sizes=\"(max-width: 300px) 100vw, 300px\" \/><\/div><div class='clear_column'><\/div>\n","protected":false},"excerpt":{"rendered":"","protected":false},"author":1,"featured_media":0,"parent":0,"menu_order":0,"comment_status":"closed","ping_status":"open","template":"page-templates\/page-left-column.php","meta":{"ngg_post_thumbnail":0},"_links":{"self":[{"href":"http:\/\/www.dream-of-a-golden-charm.de\/index.php?rest_route=\/wp\/v2\/pages\/359"}],"collection":[{"href":"http:\/\/www.dream-of-a-golden-charm.de\/index.php?rest_route=\/wp\/v2\/pages"}],"about":[{"href":"http:\/\/www.dream-of-a-golden-charm.de\/index.php?rest_route=\/wp\/v2\/types\/page"}],"author":[{"embeddable":true,"href":"http:\/\/www.dream-of-a-golden-charm.de\/index.php?rest_route=\/wp\/v2\/users\/1"}],"replies":[{"embeddable":true,"href":"http:\/\/www.dream-of-a-golden-charm.de\/index.php?rest_route=%2Fwp%2Fv2%2Fcomments&post=359"}],"version-history":[{"count":18,"href":"http:\/\/www.dream-of-a-golden-charm.de\/index.php?rest_route=\/wp\/v2\/pages\/359\/revisions"}],"predecessor-version":[{"id":530,"href":"http:\/\/www.dream-of-a-golden-charm.de\/index.php?rest_route=\/wp\/v2\/pages\/359\/revisions\/530"}],"wp:attachment":[{"href":"http:\/\/www.dream-of-a-golden-charm.de\/index.php?rest_route=%2Fwp%2Fv2%2Fmedia&parent=359"}],"curies":[{"name":"wp","href":"https:\/\/api.w.org\/{rel}","templated":true}]}}