{"id":821,"date":"2014-05-27T18:52:19","date_gmt":"2014-05-27T16:52:19","guid":{"rendered":"http:\/\/www.dream-of-a-golden-charm.de\/?page_id=821"},"modified":"2014-05-27T19:03:06","modified_gmt":"2014-05-27T17:03:06","slug":"5-woche","status":"publish","type":"page","link":"http:\/\/www.dream-of-a-golden-charm.de\/?page_id=821","title":{"rendered":"5. Woche"},"content":{"rendered":"<p>Heute stand f\u00fcr unsere Goldb\u00e4rchen etwas Besonderes an. Sie durften heute zum ersten mal mit dem Auto fahren. Mit Mama Charming f\u00fchlten sich alle sicher und schliefen nach 5 Minuten ganz entspannt in ihrer Autotransportbox ein. Das Autofahren werden wir nat\u00fcrlich in den n\u00e4chsten Wochen noch \u00f6fter \u00fcben, wobei jetzt schon absehbar ist, das die M\u00e4use so etwas als v\u00f6llig normal ansehen.<br \/>\nSeit einigen Tagen hat sich unser Auslaufbereich im Wohnzimmer erweitert. Bei sch\u00f6nem Wetter wird zus\u00e4tzlich noch der gro\u00dfe Welpenauslauf im Garten genutzt.<br \/>\nMama Charming wird nicht mehr nur als Milchbar genutzt, sondern muss jetzt auch als Kletterger\u00fcst herhalten. Im Gegensatz dazu, werden die Wonneproppen von Charming \u00f6fters zum Spielen animiert.<br \/>\nHerzliche Gr\u00fc\u00dfe sendet <\/p>\n<p>Charming und ihr Rudel!<\/p>\n<p>Bildergalerie<br \/>\nngg_shortcode_0_placeholder<\/p>\n","protected":false},"excerpt":{"rendered":"<p>Heute stand f\u00fcr unsere Goldb\u00e4rchen etwas Besonderes an. Sie durften heute zum ersten mal mit dem Auto fahren. Mit Mama Charming f\u00fchlten sich alle sicher und schliefen nach 5 Minuten ganz entspannt in ihrer Autotransportbox ein. Das Autofahren werden wir [&hellip;]<\/p>\n","protected":false},"author":1,"featured_media":0,"parent":0,"menu_order":0,"comment_status":"open","ping_status":"open","template":"page-templates\/page-left-column.php","meta":{"ngg_post_thumbnail":0},"_links":{"self":[{"href":"http:\/\/www.dream-of-a-golden-charm.de\/index.php?rest_route=\/wp\/v2\/pages\/821"}],"collection":[{"href":"http:\/\/www.dream-of-a-golden-charm.de\/index.php?rest_route=\/wp\/v2\/pages"}],"about":[{"href":"http:\/\/www.dream-of-a-golden-charm.de\/index.php?rest_route=\/wp\/v2\/types\/page"}],"author":[{"embeddable":true,"href":"http:\/\/www.dream-of-a-golden-charm.de\/index.php?rest_route=\/wp\/v2\/users\/1"}],"replies":[{"embeddable":true,"href":"http:\/\/www.dream-of-a-golden-charm.de\/index.php?rest_route=%2Fwp%2Fv2%2Fcomments&post=821"}],"version-history":[{"count":8,"href":"http:\/\/www.dream-of-a-golden-charm.de\/index.php?rest_route=\/wp\/v2\/pages\/821\/revisions"}],"predecessor-version":[{"id":855,"href":"http:\/\/www.dream-of-a-golden-charm.de\/index.php?rest_route=\/wp\/v2\/pages\/821\/revisions\/855"}],"wp:attachment":[{"href":"http:\/\/www.dream-of-a-golden-charm.de\/index.php?rest_route=%2Fwp%2Fv2%2Fmedia&parent=821"}],"curies":[{"name":"wp","href":"https:\/\/api.w.org\/{rel}","templated":true}]}}