{"id":867,"date":"2014-06-03T22:05:28","date_gmt":"2014-06-03T20:05:28","guid":{"rendered":"http:\/\/www.dream-of-a-golden-charm.de\/?page_id=867"},"modified":"2014-06-03T22:05:28","modified_gmt":"2014-06-03T20:05:28","slug":"6-woche","status":"publish","type":"page","link":"http:\/\/www.dream-of-a-golden-charm.de\/?page_id=867","title":{"rendered":"6. Woche"},"content":{"rendered":"<p>Unsere Goldb\u00e4rchen gehen jetzt in die sechste Woche und werden immer fideler. Die kleinen Fellnasen k\u00f6nnen schon richtig toben, knurren und das Fressen aus dem Napf klappt auch schon immer besser. Es gibt jeden Tag so viel neues zu entdecken wie z.B. Baumst\u00e4mme erklimmen, den Garten neu gestalten, Mama Charmings Rute zerwuseln und die ersten Gegenst\u00e4nde wurden auch schon apportiert. Und wie es sich f\u00fcr einen Retriever geh\u00f6rt, haben wir nat\u00fcrlich auch schon den Weg in die K\u00fcche gefunden.<br \/>\nHerzliche Gr\u00fc\u00dfe sendet <\/p>\n<p>Charming und ihr Rudel!<\/p>\n<p>Bildergalerie<\/p>\nngg_shortcode_0_placeholder\n","protected":false},"excerpt":{"rendered":"<p>Unsere Goldb\u00e4rchen gehen jetzt in die sechste Woche und werden immer fideler. Die kleinen Fellnasen k\u00f6nnen schon richtig toben, knurren und das Fressen aus dem Napf klappt auch schon immer besser. Es gibt jeden Tag so viel neues zu entdecken [&hellip;]<\/p>\n","protected":false},"author":1,"featured_media":0,"parent":0,"menu_order":0,"comment_status":"open","ping_status":"open","template":"page-templates\/page-left-column.php","meta":{"ngg_post_thumbnail":0},"_links":{"self":[{"href":"http:\/\/www.dream-of-a-golden-charm.de\/index.php?rest_route=\/wp\/v2\/pages\/867"}],"collection":[{"href":"http:\/\/www.dream-of-a-golden-charm.de\/index.php?rest_route=\/wp\/v2\/pages"}],"about":[{"href":"http:\/\/www.dream-of-a-golden-charm.de\/index.php?rest_route=\/wp\/v2\/types\/page"}],"author":[{"embeddable":true,"href":"http:\/\/www.dream-of-a-golden-charm.de\/index.php?rest_route=\/wp\/v2\/users\/1"}],"replies":[{"embeddable":true,"href":"http:\/\/www.dream-of-a-golden-charm.de\/index.php?rest_route=%2Fwp%2Fv2%2Fcomments&post=867"}],"version-history":[{"count":7,"href":"http:\/\/www.dream-of-a-golden-charm.de\/index.php?rest_route=\/wp\/v2\/pages\/867\/revisions"}],"predecessor-version":[{"id":900,"href":"http:\/\/www.dream-of-a-golden-charm.de\/index.php?rest_route=\/wp\/v2\/pages\/867\/revisions\/900"}],"wp:attachment":[{"href":"http:\/\/www.dream-of-a-golden-charm.de\/index.php?rest_route=%2Fwp%2Fv2%2Fmedia&parent=867"}],"curies":[{"name":"wp","href":"https:\/\/api.w.org\/{rel}","templated":true}]}}