{"id":987,"date":"2014-06-25T22:26:26","date_gmt":"2014-06-25T20:26:26","guid":{"rendered":"http:\/\/www.dream-of-a-golden-charm.de\/?page_id=987"},"modified":"2015-06-12T19:14:32","modified_gmt":"2015-06-12T17:14:32","slug":"9-woche","status":"publish","type":"page","link":"http:\/\/www.dream-of-a-golden-charm.de\/?page_id=987","title":{"rendered":"9. Woche"},"content":{"rendered":"<p><span style=\"text-decoration: underline;\"><em><strong>Wurfabnahme durch den Tierarzt und durch den Zuchtwart<\/strong><\/em><\/span><br \/>\nAufregende Tage liegen hinter uns. Am Montag kam unserer Tierarzt zum Hausbesuch und untersuchte alle Welpen. Alle begr\u00fc\u00dften ihn schwanzwedelnd und nach einem Vorabcheck wurden schlie\u00dflich alle Goldis geimpft und gechippt. Die B\u00e4rchen haben alle tapfer stillgehalten und haben alles ohne ein Murren \u00fcber sich ergehen lassen. Alle Welpen sind kerngesund.<\/p>\n<p>Am Dienstag kam dann der Zuchtwart zur gro\u00dfen Wurfabnahme ins Haus.<br \/>\nAlle Welpen wurden nach dem Rassestandard gepr\u00fcft.<br \/>\nSie besitzen alle ausdrucksstarke K\u00f6pfe, ein wundervolles Pigment und Fellfarbe, haben ein ausgeglichenes Gangwerk und sind alle vorz\u00fcglich sozialisiert.<\/p>\n<p>Die n\u00e4chsten Tage werden wir nochmal sehr mit unseren Wonneproppen genie\u00dfen, da einige Welpen in ihr neues zu hause ziehen werden. Wir sind \u00fcberaus stolz und sehr gl\u00fccklich, dass wir so wunderbare &#8222;Welpeneltern&#8220; gefunden haben.<\/p>\n<p>Bildergalerie<\/p>\nngg_shortcode_0_placeholder\n<p>Herzliche Gr\u00fc\u00dfe sendet Charming und ihr Rudel<\/p>\n","protected":false},"excerpt":{"rendered":"<p>Wurfabnahme durch den Tierarzt und durch den Zuchtwart Aufregende Tage liegen hinter uns. Am Montag kam unserer Tierarzt zum Hausbesuch und untersuchte alle Welpen. Alle begr\u00fc\u00dften ihn schwanzwedelnd und nach einem Vorabcheck wurden schlie\u00dflich alle Goldis geimpft und gechippt. Die [&hellip;]<\/p>\n","protected":false},"author":2,"featured_media":0,"parent":0,"menu_order":0,"comment_status":"open","ping_status":"open","template":"page-templates\/page-left-column.php","meta":{"ngg_post_thumbnail":0},"_links":{"self":[{"href":"http:\/\/www.dream-of-a-golden-charm.de\/index.php?rest_route=\/wp\/v2\/pages\/987"}],"collection":[{"href":"http:\/\/www.dream-of-a-golden-charm.de\/index.php?rest_route=\/wp\/v2\/pages"}],"about":[{"href":"http:\/\/www.dream-of-a-golden-charm.de\/index.php?rest_route=\/wp\/v2\/types\/page"}],"author":[{"embeddable":true,"href":"http:\/\/www.dream-of-a-golden-charm.de\/index.php?rest_route=\/wp\/v2\/users\/2"}],"replies":[{"embeddable":true,"href":"http:\/\/www.dream-of-a-golden-charm.de\/index.php?rest_route=%2Fwp%2Fv2%2Fcomments&post=987"}],"version-history":[{"count":10,"href":"http:\/\/www.dream-of-a-golden-charm.de\/index.php?rest_route=\/wp\/v2\/pages\/987\/revisions"}],"predecessor-version":[{"id":1229,"href":"http:\/\/www.dream-of-a-golden-charm.de\/index.php?rest_route=\/wp\/v2\/pages\/987\/revisions\/1229"}],"wp:attachment":[{"href":"http:\/\/www.dream-of-a-golden-charm.de\/index.php?rest_route=%2Fwp%2Fv2%2Fmedia&parent=987"}],"curies":[{"name":"wp","href":"https:\/\/api.w.org\/{rel}","templated":true}]}}